{"id":1151,"date":"2023-02-25T18:42:00","date_gmt":"2023-02-25T23:42:00","guid":{"rendered":"https:\/\/2getthereconnections.com\/?page_id=1151"},"modified":"2023-02-25T18:42:18","modified_gmt":"2023-02-25T23:42:18","slug":"cookie-policy","status":"publish","type":"page","link":"https:\/\/2getthereconnections.com\/en\/cookie-policy\/","title":{"rendered":"Cookie Policy"},"content":{"rendered":"<p>Una cookie se refiere a un archivo que se env\u00eda para solicitar permiso para ser almacenado en su computadora, al aceptar dicho archivo se crea y luego la cookie se usa para tener informaci\u00f3n sobre el tr\u00e1fico web, y tambi\u00e9n facilita futuras visitas a un sitio web recurrente. . Otra de las funciones que tienen las cookies es que con ellas las web pueden reconocerte individualmente y por tanto brindarte el mejor servicio personalizado en su sitio web.<\/p>\n\n\n\n<p>Nuestro sitio web utiliza cookies para poder identificar las p\u00e1ginas que se visitan y su frecuencia. Esta informaci\u00f3n se usa solo para an\u00e1lisis estad\u00edsticos y luego la informaci\u00f3n se elimina de forma permanente. Puede eliminar las cookies en cualquier momento desde su computadora. Sin embargo, las cookies ayudan a brindar un mejor servicio en los sitios web, no dan acceso a informaci\u00f3n de su computadora o de usted, a menos que usted lo desee y lo proporcione directamente. Puede aceptar o rechazar el uso de cookies, sin embargo la mayor\u00eda de los navegadores aceptan cookies autom\u00e1ticamente ya que sirve para tener un mejor servicio web. Usted tambi\u00e9n puede cambiar la configuraci\u00f3n de su computadora para rechazar las cookies. Si se niegan, es posible que no pueda utilizar algunos de nuestros servicios.<\/p>\n\n\n\n<p>Enlaces de terceros<\/p>\n\n\n\n<p>Este sitio web puede contener enlaces a otros sitios que pueden ser de su inter\u00e9s. una vez que hace clic en estos enlaces y abandona nuestra p\u00e1gina, ya no tenemos control sobre el sitio al que es redirigido y, por lo tanto, no somos responsables de los t\u00e9rminos o la privacidad o la protecci\u00f3n de sus datos en esos otros sitios de terceros. Estos sitios est\u00e1n sujetos a sus propias pol\u00edticas de privacidad, por lo que se recomienda que las consulte para confirmar que est\u00e1 de acuerdo con ellas.<\/p>\n\n\n\n<p>Control de su informaci\u00f3n personal<\/p>\n\n\n\n<p>En cualquier momento puede restringir la recopilaci\u00f3n o el uso de la informaci\u00f3n personal que se proporciona a nuestro sitio web. Cada vez que se le solicite la cumplimentaci\u00f3n de un formulario, como el formulario de alta, usuario, puede marcar o desmarcar la opci\u00f3n de recibir informaci\u00f3n por correo electr\u00f3nico. En caso de que hayas marcado la opci\u00f3n de recibir nuestra newsletter o publicidad puedes cancelarla en cualquier momento. Esta empresa no vender\u00e1, transferir\u00e1 o distribuir\u00e1 la informaci\u00f3n personal que se recopila sin su consentimiento, a menos que sea requerido por un juez con una orden judicial.<\/p>\n\n\n\n<p>2 Get There Connections se reserva el derecho de cambiar los t\u00e9rminos de esta Pol\u00edtica de privacidad en cualquier momento.<\/p>\n\n\n\n<p>Esta empresa no vender\u00e1, transferir\u00e1 o distribuir\u00e1 la informaci\u00f3n personal que se recopila sin su consentimiento, a menos que sea requerido por un juez con una orden judicial. 2 Get There Connections se reserva el derecho de cambiar los t\u00e9rminos de esta Pol\u00edtica de privacidad en cualquier momento.<\/p>","protected":false},"excerpt":{"rendered":"<p>Una cookie se refiere a un archivo que se env\u00eda para solicitar permiso para ser almacenado en su computadora, al aceptar dicho archivo se crea y luego la cookie se usa para tener informaci\u00f3n sobre el tr\u00e1fico web, y tambi\u00e9n facilita futuras visitas a un sitio web recurrente. . Otra de las funciones que tienen [&hellip;]<\/p>\n","protected":false},"author":22229,"featured_media":0,"parent":0,"menu_order":0,"comment_status":"closed","ping_status":"closed","template":"","meta":{"site-sidebar-layout":"default","site-content-layout":"","ast-site-content-layout":"","site-content-style":"default","site-sidebar-style":"default","ast-global-header-display":"","ast-banner-title-visibility":"","ast-main-header-display":"","ast-hfb-above-header-display":"","ast-hfb-below-header-display":"","ast-hfb-mobile-header-display":"","site-post-title":"","ast-breadcrumbs-content":"","ast-featured-img":"","footer-sml-layout":"","theme-transparent-header-meta":"","adv-header-id-meta":"","stick-header-meta":"","header-above-stick-meta":"","header-main-stick-meta":"","header-below-stick-meta":"","astra-migrate-meta-layouts":"default","ast-page-background-enabled":"default","ast-page-background-meta":{"desktop":{"background-color":"var(--ast-global-color-4)","background-image":"","background-repeat":"repeat","background-position":"center center","background-size":"auto","background-attachment":"scroll","background-type":"","background-media":"","overlay-type":"","overlay-color":"","overlay-opacity":"","overlay-gradient":""},"tablet":{"background-color":"","background-image":"","background-repeat":"repeat","background-position":"center center","background-size":"auto","background-attachment":"scroll","background-type":"","background-media":"","overlay-type":"","overlay-color":"","overlay-opacity":"","overlay-gradient":""},"mobile":{"background-color":"","background-image":"","background-repeat":"repeat","background-position":"center center","background-size":"auto","background-attachment":"scroll","background-type":"","background-media":"","overlay-type":"","overlay-color":"","overlay-opacity":"","overlay-gradient":""}},"ast-content-background-meta":{"desktop":{"background-color":"var(--ast-global-color-5)","background-image":"","background-repeat":"repeat","background-position":"center center","background-size":"auto","background-attachment":"scroll","background-type":"","background-media":"","overlay-type":"","overlay-color":"","overlay-opacity":"","overlay-gradient":""},"tablet":{"background-color":"var(--ast-global-color-5)","background-image":"","background-repeat":"repeat","background-position":"center center","background-size":"auto","background-attachment":"scroll","background-type":"","background-media":"","overlay-type":"","overlay-color":"","overlay-opacity":"","overlay-gradient":""},"mobile":{"background-color":"var(--ast-global-color-5)","background-image":"","background-repeat":"repeat","background-position":"center center","background-size":"auto","background-attachment":"scroll","background-type":"","background-media":"","overlay-type":"","overlay-color":"","overlay-opacity":"","overlay-gradient":""}},"footnotes":""},"class_list":["post-1151","page","type-page","status-publish","hentry"],"_links":{"self":[{"href":"https:\/\/2getthereconnections.com\/en\/wp-json\/wp\/v2\/pages\/1151","targetHints":{"allow":["GET"]}}],"collection":[{"href":"https:\/\/2getthereconnections.com\/en\/wp-json\/wp\/v2\/pages"}],"about":[{"href":"https:\/\/2getthereconnections.com\/en\/wp-json\/wp\/v2\/types\/page"}],"author":[{"embeddable":true,"href":"https:\/\/2getthereconnections.com\/en\/wp-json\/wp\/v2\/users\/22229"}],"replies":[{"embeddable":true,"href":"https:\/\/2getthereconnections.com\/en\/wp-json\/wp\/v2\/comments?post=1151"}],"version-history":[{"count":0,"href":"https:\/\/2getthereconnections.com\/en\/wp-json\/wp\/v2\/pages\/1151\/revisions"}],"wp:attachment":[{"href":"https:\/\/2getthereconnections.com\/en\/wp-json\/wp\/v2\/media?parent=1151"}],"curies":[{"name":"wp","href":"https:\/\/api.w.org\/{rel}","templated":true}]}}