{"id":3566,"date":"2023-03-10T22:02:54","date_gmt":"2023-03-11T03:02:54","guid":{"rendered":"https:\/\/2getthereconnections.com\/affiliate-area\/"},"modified":"2025-01-07T20:41:03","modified_gmt":"2025-01-08T01:41:03","slug":"affiliate-area","status":"publish","type":"page","link":"https:\/\/2getthereconnections.com\/en\/affiliate-area\/","title":{"rendered":"Affiliate Area"},"content":{"rendered":"<div data-elementor-type=\"wp-page\" data-elementor-id=\"3566\" class=\"elementor elementor-3566\" data-elementor-post-type=\"page\">\n\t\t\t\t\t\t<section class=\"elementor-section elementor-top-section elementor-element elementor-element-29ac6bde elementor-section-boxed elementor-section-height-default elementor-section-height-default\" data-id=\"29ac6bde\" data-element_type=\"section\" data-e-type=\"section\" data-settings=\"{&quot;jet_parallax_layout_list&quot;:[]}\">\n\t\t\t\t\t\t<div class=\"elementor-container elementor-column-gap-default\">\n\t\t\t\t\t<div class=\"elementor-column elementor-col-100 elementor-top-column elementor-element elementor-element-61a03628\" data-id=\"61a03628\" data-element_type=\"column\" data-e-type=\"column\">\n\t\t\t<div class=\"elementor-widget-wrap elementor-element-populated\">\n\t\t\t\t\t\t<div class=\"elementor-element elementor-element-4279768 elementor-widget elementor-widget-heading\" data-id=\"4279768\" data-element_type=\"widget\" data-e-type=\"widget\" data-widget_type=\"heading.default\">\n\t\t\t\t<div class=\"elementor-widget-container\">\n\t\t\t\t\t<h2 class=\"elementor-heading-title elementor-size-default\">\u00bfQui\u00e9nes somos?<\/h2>\t\t\t\t<\/div>\n\t\t\t\t<\/div>\n\t\t\t\t<div class=\"elementor-element elementor-element-4d7cab7 elementor-widget elementor-widget-text-editor\" data-id=\"4d7cab7\" data-element_type=\"widget\" data-e-type=\"widget\" data-widget_type=\"text-editor.default\">\n\t\t\t\t<div class=\"elementor-widget-container\">\n\t\t\t\t\t\t\t\t\t<p class=\"p1\">Sabrina Castellanos empodera a mam\u00e1s emprendedoras a trav\u00e9s de sus curso donde ense\u00f1a a organizarte paso a paso, a adue\u00f1arte de tu tiempo, a creando h\u00e1bitos de l\u00edderes y\u00a0 a planificarte para el \u00e9xito. Ella es la CEO de 2Get There Connections donde mujeres emprendedoras aprenden herramientas practicas para manejar su tiempo de la mejor manera, a conectarse con su fuerza interna y encontrar su prop\u00f3sito de vida para lograr el \u00e9xito en su negocio.<\/p>\t\t\t\t\t\t\t\t<\/div>\n\t\t\t\t<\/div>\n\t\t\t\t<div class=\"elementor-element elementor-element-0b14cf4 elementor-widget elementor-widget-heading\" data-id=\"0b14cf4\" data-element_type=\"widget\" data-e-type=\"widget\" data-widget_type=\"heading.default\">\n\t\t\t\t<div class=\"elementor-widget-container\">\n\t\t\t\t\t<h2 class=\"elementor-heading-title elementor-size-default\">\u00bfC\u00f3mo funciona el programa de afiliados?<\/h2>\t\t\t\t<\/div>\n\t\t\t\t<\/div>\n\t\t\t\t<div class=\"elementor-element elementor-element-7750455 elementor-widget elementor-widget-text-editor\" data-id=\"7750455\" data-element_type=\"widget\" data-e-type=\"widget\" data-widget_type=\"text-editor.default\">\n\t\t\t\t<div class=\"elementor-widget-container\">\n\t\t\t\t\t\t\t\t\t<p class=\"p1\">Los afiliados obtienen una comisi\u00f3n fija por cada venta que se realiza a trav\u00e9s de su sitio web. Todo lo que tiene que hacer es colocar el enlace \u00fanico en su sitio web, compartir con sus amigas o seguidoras de sus redes sociales y cuando una cliente hace clic y realiza una compra, obtiene una comisi\u00f3n.\u00a0\u00a0<\/p><p class=\"p1\">Ofrecemos apoyo gr\u00e1fico para los afiliados.<\/p>\t\t\t\t\t\t\t\t<\/div>\n\t\t\t\t<\/div>\n\t\t\t\t<div class=\"elementor-element elementor-element-539e7e1 elementor-widget elementor-widget-heading\" data-id=\"539e7e1\" data-element_type=\"widget\" data-e-type=\"widget\" data-widget_type=\"heading.default\">\n\t\t\t\t<div class=\"elementor-widget-container\">\n\t\t\t\t\t<h2 class=\"elementor-heading-title elementor-size-default\">Comisi\u00f3n<\/h2>\t\t\t\t<\/div>\n\t\t\t\t<\/div>\n\t\t\t\t<div class=\"elementor-element elementor-element-80b96e8 elementor-widget elementor-widget-text-editor\" data-id=\"80b96e8\" data-element_type=\"widget\" data-e-type=\"widget\" data-widget_type=\"text-editor.default\">\n\t\t\t\t<div class=\"elementor-widget-container\">\n\t\t\t\t\t\t\t\t\t<p class=\"p1\">\u00a1Nuestra comisi\u00f3n es una tarifa fija de 15% por curso vendido, con una duraci\u00f3n de cookie de 30 d\u00edas! Eso significa que obtienes una comisi\u00f3n por cualquier compra realizada dentro de esos 30 d\u00edas del mismo cliente, \u00a1Incluso si ese cliente va directamente a nuestro sitio, la cookie seguir\u00e1 rastreando a ese cliente y le acreditar\u00e1 la venta!.<\/p>\t\t\t\t\t\t\t\t<\/div>\n\t\t\t\t<\/div>\n\t\t\t\t<div class=\"elementor-element elementor-element-b54e46b elementor-widget elementor-widget-heading\" data-id=\"b54e46b\" data-element_type=\"widget\" data-e-type=\"widget\" data-widget_type=\"heading.default\">\n\t\t\t\t<div class=\"elementor-widget-container\">\n\t\t\t\t\t<h2 class=\"elementor-heading-title elementor-size-default\">Herramientas<\/h2>\t\t\t\t<\/div>\n\t\t\t\t<\/div>\n\t\t\t\t<div class=\"elementor-element elementor-element-939456a elementor-widget elementor-widget-text-editor\" data-id=\"939456a\" data-element_type=\"widget\" data-e-type=\"widget\" data-widget_type=\"text-editor.default\">\n\t\t\t\t<div class=\"elementor-widget-container\">\n\t\t\t\t\t\t\t\t\t<p>Nos encargamos de la parte de seguimiento a trav\u00e9s de nuestra red. La red rastrea las ventas, las ganancias y las comisiones.<\/p>\t\t\t\t\t\t\t\t<\/div>\n\t\t\t\t<\/div>\n\t\t\t\t<div class=\"elementor-element elementor-element-67ed814 elementor-widget elementor-widget-text-editor\" data-id=\"67ed814\" data-element_type=\"widget\" data-e-type=\"widget\" data-widget_type=\"text-editor.default\">\n\t\t\t\t<div class=\"elementor-widget-container\">\n\t\t\t\t\t\t\t\t\t<p>Al llenar el formato con tus datos, estas de acuerdo con nuestras\u00a0<a href=\"https:\/\/2getthereconnections.com\/en\/politicas-de-privacidad\/\" target=\"_blank\" rel=\"noopener\">pol\u00edticas de privacidad.<\/a><\/p><p>Nunca compartiremos tu informaci\u00f3n con ninguna otra empresa.<\/p>\t\t\t\t\t\t\t\t<\/div>\n\t\t\t\t<\/div>\n\t\t\t\t\t<\/div>\n\t\t<\/div>\n\t\t\t\t\t<\/div>\n\t\t<\/section>\n\t\t\t\t<\/div>","protected":false},"excerpt":{"rendered":"<p>\u00bfQui\u00e9nes somos? Sabrina Castellanos empodera a mam\u00e1s emprendedoras a trav\u00e9s de sus curso donde ense\u00f1a a organizarte paso a paso, a adue\u00f1arte de tu tiempo, a creando h\u00e1bitos de l\u00edderes y\u00a0 a planificarte para el \u00e9xito. Ella es la CEO de 2Get There Connections donde mujeres emprendedoras aprenden herramientas practicas para manejar su tiempo de [&hellip;]<\/p>\n","protected":false},"author":22229,"featured_media":0,"parent":0,"menu_order":0,"comment_status":"closed","ping_status":"closed","template":"","meta":{"site-sidebar-layout":"default","site-content-layout":"","ast-site-content-layout":"","site-content-style":"default","site-sidebar-style":"default","ast-global-header-display":"","ast-banner-title-visibility":"","ast-main-header-display":"","ast-hfb-above-header-display":"","ast-hfb-below-header-display":"","ast-hfb-mobile-header-display":"","site-post-title":"disabled","ast-breadcrumbs-content":"","ast-featured-img":"","footer-sml-layout":"","theme-transparent-header-meta":"","adv-header-id-meta":"","stick-header-meta":"","header-above-stick-meta":"","header-main-stick-meta":"","header-below-stick-meta":"","astra-migrate-meta-layouts":"default","ast-page-background-enabled":"default","ast-page-background-meta":{"desktop":{"background-color":"var(--ast-global-color-4)","background-image":"","background-repeat":"repeat","background-position":"center center","background-size":"auto","background-attachment":"scroll","background-type":"","background-media":"","overlay-type":"","overlay-color":"","overlay-opacity":"","overlay-gradient":""},"tablet":{"background-color":"","background-image":"","background-repeat":"repeat","background-position":"center center","background-size":"auto","background-attachment":"scroll","background-type":"","background-media":"","overlay-type":"","overlay-color":"","overlay-opacity":"","overlay-gradient":""},"mobile":{"background-color":"","background-image":"","background-repeat":"repeat","background-position":"center center","background-size":"auto","background-attachment":"scroll","background-type":"","background-media":"","overlay-type":"","overlay-color":"","overlay-opacity":"","overlay-gradient":""}},"ast-content-background-meta":{"desktop":{"background-color":"var(--ast-global-color-5)","background-image":"","background-repeat":"repeat","background-position":"center center","background-size":"auto","background-attachment":"scroll","background-type":"","background-media":"","overlay-type":"","overlay-color":"","overlay-opacity":"","overlay-gradient":""},"tablet":{"background-color":"var(--ast-global-color-5)","background-image":"","background-repeat":"repeat","background-position":"center center","background-size":"auto","background-attachment":"scroll","background-type":"","background-media":"","overlay-type":"","overlay-color":"","overlay-opacity":"","overlay-gradient":""},"mobile":{"background-color":"var(--ast-global-color-5)","background-image":"","background-repeat":"repeat","background-position":"center center","background-size":"auto","background-attachment":"scroll","background-type":"","background-media":"","overlay-type":"","overlay-color":"","overlay-opacity":"","overlay-gradient":""}},"footnotes":""},"class_list":["post-3566","page","type-page","status-publish","hentry"],"_links":{"self":[{"href":"https:\/\/2getthereconnections.com\/en\/wp-json\/wp\/v2\/pages\/3566","targetHints":{"allow":["GET"]}}],"collection":[{"href":"https:\/\/2getthereconnections.com\/en\/wp-json\/wp\/v2\/pages"}],"about":[{"href":"https:\/\/2getthereconnections.com\/en\/wp-json\/wp\/v2\/types\/page"}],"author":[{"embeddable":true,"href":"https:\/\/2getthereconnections.com\/en\/wp-json\/wp\/v2\/users\/22229"}],"replies":[{"embeddable":true,"href":"https:\/\/2getthereconnections.com\/en\/wp-json\/wp\/v2\/comments?post=3566"}],"version-history":[{"count":0,"href":"https:\/\/2getthereconnections.com\/en\/wp-json\/wp\/v2\/pages\/3566\/revisions"}],"wp:attachment":[{"href":"https:\/\/2getthereconnections.com\/en\/wp-json\/wp\/v2\/media?parent=3566"}],"curies":[{"name":"wp","href":"https:\/\/api.w.org\/{rel}","templated":true}]}}