{"id":8857,"date":"2023-12-21T20:52:55","date_gmt":"2023-12-22T01:52:55","guid":{"rendered":"https:\/\/2getthereconnections.com\/?page_id=8857"},"modified":"2023-12-22T13:11:35","modified_gmt":"2023-12-22T18:11:35","slug":"workshop-sabrina-speaker","status":"publish","type":"page","link":"https:\/\/2getthereconnections.com\/en\/workshop-sabrina-speaker\/","title":{"rendered":"Workshops+keynote"},"content":{"rendered":"<div data-elementor-type=\"wp-page\" data-elementor-id=\"8857\" class=\"elementor elementor-8857\" data-elementor-post-type=\"page\">\n\t\t\t\t\t\t<section class=\"elementor-section elementor-top-section elementor-element elementor-element-2fd890b elementor-section-boxed elementor-section-height-default elementor-section-height-default\" data-id=\"2fd890b\" data-element_type=\"section\" data-e-type=\"section\" data-settings=\"{&quot;jet_parallax_layout_list&quot;:[]}\">\n\t\t\t\t\t\t<div class=\"elementor-container elementor-column-gap-default\">\n\t\t\t\t\t<div class=\"elementor-column elementor-col-100 elementor-top-column elementor-element elementor-element-c2eae32\" data-id=\"c2eae32\" data-element_type=\"column\" data-e-type=\"column\">\n\t\t\t<div class=\"elementor-widget-wrap elementor-element-populated\">\n\t\t\t\t\t\t<div class=\"elementor-element elementor-element-410e4b2 elementor-widget elementor-widget-image\" data-id=\"410e4b2\" data-element_type=\"widget\" data-e-type=\"widget\" data-widget_type=\"image.default\">\n\t\t\t\t<div class=\"elementor-widget-container\">\n\t\t\t\t\t\t\t\t\t\t\t\t\t\t\t<img fetchpriority=\"high\" decoding=\"async\" width=\"1024\" height=\"310\" src=\"https:\/\/2getthereconnections.com\/wp-content\/uploads\/2023\/08\/Copy-of-Banners-delgados-2gtc-LinkedIn-Background-Photo-New-LinkedIn-Banner-1024x310.png\" class=\"attachment-large size-large wp-image-7652\" alt=\"\" srcset=\"https:\/\/2getthereconnections.com\/wp-content\/uploads\/2023\/08\/Copy-of-Banners-delgados-2gtc-LinkedIn-Background-Photo-New-LinkedIn-Banner-1024x310.png 1024w, https:\/\/2getthereconnections.com\/wp-content\/uploads\/2023\/08\/Copy-of-Banners-delgados-2gtc-LinkedIn-Background-Photo-New-LinkedIn-Banner-300x91.png 300w, https:\/\/2getthereconnections.com\/wp-content\/uploads\/2023\/08\/Copy-of-Banners-delgados-2gtc-LinkedIn-Background-Photo-New-LinkedIn-Banner-768x233.png 768w, https:\/\/2getthereconnections.com\/wp-content\/uploads\/2023\/08\/Copy-of-Banners-delgados-2gtc-LinkedIn-Background-Photo-New-LinkedIn-Banner-1536x465.png 1536w, https:\/\/2getthereconnections.com\/wp-content\/uploads\/2023\/08\/Copy-of-Banners-delgados-2gtc-LinkedIn-Background-Photo-New-LinkedIn-Banner-18x5.png 18w, https:\/\/2getthereconnections.com\/wp-content\/uploads\/2023\/08\/Copy-of-Banners-delgados-2gtc-LinkedIn-Background-Photo-New-LinkedIn-Banner-600x182.png 600w, https:\/\/2getthereconnections.com\/wp-content\/uploads\/2023\/08\/Copy-of-Banners-delgados-2gtc-LinkedIn-Background-Photo-New-LinkedIn-Banner.png 1980w\" sizes=\"(max-width: 1024px) 100vw, 1024px\" \/>\t\t\t\t\t\t\t\t\t\t\t\t\t\t\t<\/div>\n\t\t\t\t<\/div>\n\t\t\t\t<div class=\"elementor-element elementor-element-d6be2ec elementor-widget elementor-widget-heading\" data-id=\"d6be2ec\" data-element_type=\"widget\" data-e-type=\"widget\" data-widget_type=\"heading.default\">\n\t\t\t\t<div class=\"elementor-widget-container\">\n\t\t\t\t\t<h2 class=\"elementor-heading-title elementor-size-default\">Conferencia + Taller Presencial<\/h2>\t\t\t\t<\/div>\n\t\t\t\t<\/div>\n\t\t\t\t<section class=\"elementor-section elementor-inner-section elementor-element elementor-element-ce95b7d elementor-section-boxed elementor-section-height-default elementor-section-height-default\" data-id=\"ce95b7d\" data-element_type=\"section\" data-e-type=\"section\" data-settings=\"{&quot;jet_parallax_layout_list&quot;:[]}\">\n\t\t\t\t\t\t<div class=\"elementor-container elementor-column-gap-default\">\n\t\t\t\t\t<div class=\"elementor-column elementor-col-50 elementor-inner-column elementor-element elementor-element-1443039\" data-id=\"1443039\" data-element_type=\"column\" data-e-type=\"column\">\n\t\t\t<div class=\"elementor-widget-wrap elementor-element-populated\">\n\t\t\t\t\t\t<div class=\"elementor-element elementor-element-fd8cf28 elementor-widget elementor-widget-heading\" data-id=\"fd8cf28\" data-element_type=\"widget\" data-e-type=\"widget\" data-widget_type=\"heading.default\">\n\t\t\t\t<div class=\"elementor-widget-container\">\n\t\t\t\t\t<h2 class=\"elementor-heading-title elementor-size-default\">Conferencia<\/h2>\t\t\t\t<\/div>\n\t\t\t\t<\/div>\n\t\t\t\t<div class=\"elementor-element elementor-element-705470a elementor-widget elementor-widget-text-editor\" data-id=\"705470a\" data-element_type=\"widget\" data-e-type=\"widget\" data-widget_type=\"text-editor.default\">\n\t\t\t\t<div class=\"elementor-widget-container\">\n\t\t\t\t\t\t\t\t\t<p>Adue\u00f1ate de tu tiempo<\/p>\t\t\t\t\t\t\t\t<\/div>\n\t\t\t\t<\/div>\n\t\t\t\t<div class=\"elementor-element elementor-element-18f72f3 elementor-widget elementor-widget-heading\" data-id=\"18f72f3\" data-element_type=\"widget\" data-e-type=\"widget\" data-widget_type=\"heading.default\">\n\t\t\t\t<div class=\"elementor-widget-container\">\n\t\t\t\t\t<h2 class=\"elementor-heading-title elementor-size-default\">Duraci\u00f3n<\/h2>\t\t\t\t<\/div>\n\t\t\t\t<\/div>\n\t\t\t\t<div class=\"elementor-element elementor-element-457c071 elementor-widget elementor-widget-text-editor\" data-id=\"457c071\" data-element_type=\"widget\" data-e-type=\"widget\" data-widget_type=\"text-editor.default\">\n\t\t\t\t<div class=\"elementor-widget-container\">\n\t\t\t\t\t\t\t\t\t<p>Conferencia&nbsp; 1 hora<\/p>\t\t\t\t\t\t\t\t<\/div>\n\t\t\t\t<\/div>\n\t\t\t\t<div class=\"elementor-element elementor-element-e40ecd2 elementor-widget elementor-widget-heading\" data-id=\"e40ecd2\" data-element_type=\"widget\" data-e-type=\"widget\" data-widget_type=\"heading.default\">\n\t\t\t\t<div class=\"elementor-widget-container\">\n\t\t\t\t\t<h2 class=\"elementor-heading-title elementor-size-default\">Contenido<\/h2>\t\t\t\t<\/div>\n\t\t\t\t<\/div>\n\t\t\t\t<div class=\"elementor-element elementor-element-0886daa elementor-widget elementor-widget-text-editor\" data-id=\"0886daa\" data-element_type=\"widget\" data-e-type=\"widget\" data-widget_type=\"text-editor.default\">\n\t\t\t\t<div class=\"elementor-widget-container\">\n\t\t\t\t\t\t\t\t\t<p>Desbloquea el Poder de la Gesti\u00f3n Efectiva del Tiempo, el Liderazgo y el Empoderamiento<\/p>\t\t\t\t\t\t\t\t<\/div>\n\t\t\t\t<\/div>\n\t\t\t\t\t<\/div>\n\t\t<\/div>\n\t\t\t\t<div class=\"elementor-column elementor-col-50 elementor-inner-column elementor-element elementor-element-24bf06a\" data-id=\"24bf06a\" data-element_type=\"column\" data-e-type=\"column\">\n\t\t\t<div class=\"elementor-widget-wrap elementor-element-populated\">\n\t\t\t\t\t\t<div class=\"elementor-element elementor-element-b243353 elementor-widget elementor-widget-heading\" data-id=\"b243353\" data-element_type=\"widget\" data-e-type=\"widget\" data-widget_type=\"heading.default\">\n\t\t\t\t<div class=\"elementor-widget-container\">\n\t\t\t\t\t<h2 class=\"elementor-heading-title elementor-size-default\">Taller<\/h2>\t\t\t\t<\/div>\n\t\t\t\t<\/div>\n\t\t\t\t<div class=\"elementor-element elementor-element-76cb5ee elementor-widget elementor-widget-text-editor\" data-id=\"76cb5ee\" data-element_type=\"widget\" data-e-type=\"widget\" data-widget_type=\"text-editor.default\">\n\t\t\t\t<div class=\"elementor-widget-container\">\n\t\t\t\t\t\t\t\t\t<p>Organ\u00edzate paso a paso<\/p>\t\t\t\t\t\t\t\t<\/div>\n\t\t\t\t<\/div>\n\t\t\t\t<div class=\"elementor-element elementor-element-d2df027 elementor-widget elementor-widget-text-editor\" data-id=\"d2df027\" data-element_type=\"widget\" data-e-type=\"widget\" data-widget_type=\"text-editor.default\">\n\t\t\t\t<div class=\"elementor-widget-container\">\n\t\t\t\t\t\t\t\t\t<p>Taller 4 -6 horas<\/p>\t\t\t\t\t\t\t\t<\/div>\n\t\t\t\t<\/div>\n\t\t\t\t<div class=\"elementor-element elementor-element-d69aec3 elementor-widget elementor-widget-heading\" data-id=\"d69aec3\" data-element_type=\"widget\" data-e-type=\"widget\" data-widget_type=\"heading.default\">\n\t\t\t\t<div class=\"elementor-widget-container\">\n\t\t\t\t\t<h2 class=\"elementor-heading-title elementor-size-default\">Contenido<\/h2>\t\t\t\t<\/div>\n\t\t\t\t<\/div>\n\t\t\t\t<div class=\"elementor-element elementor-element-95562c3 elementor-widget elementor-widget-text-editor\" data-id=\"95562c3\" data-element_type=\"widget\" data-e-type=\"widget\" data-widget_type=\"text-editor.default\">\n\t\t\t\t<div class=\"elementor-widget-container\">\n\t\t\t\t\t\t\t\t\t<p>Es un m\u00e9todo paso a paso para crear claridad, confianza y planificaci\u00f3n.<br \/>Es un enfoque para que elimines el agobio de no tener tiempo y el miedo por salir de tu zona de confort.<br \/>Un programa que se adapta a ti y brinda m\u00e1s tranquilidad a tus ideas y que tu d\u00eda a d\u00eda sea m\u00e1s f\u00e1cil de crear.<\/p>\t\t\t\t\t\t\t\t<\/div>\n\t\t\t\t<\/div>\n\t\t\t\t\t<\/div>\n\t\t<\/div>\n\t\t\t\t\t<\/div>\n\t\t<\/section>\n\t\t\t\t\t<\/div>\n\t\t<\/div>\n\t\t\t\t\t<\/div>\n\t\t<\/section>\n\t\t\t\t<\/div>","protected":false},"excerpt":{"rendered":"<p>Conferencia + Taller Presencial Conferencia Adue\u00f1ate de tu tiempo Duraci\u00f3n Conferencia&nbsp; 1 hora Contenido Desbloquea el Poder de la Gesti\u00f3n Efectiva del Tiempo, el Liderazgo y el Empoderamiento Taller Organ\u00edzate paso a paso Taller 4 -6 horas Contenido Es un m\u00e9todo paso a paso para crear claridad, confianza y planificaci\u00f3n.Es un enfoque para que elimines [&hellip;]<\/p>\n","protected":false},"author":22229,"featured_media":0,"parent":0,"menu_order":0,"comment_status":"closed","ping_status":"closed","template":"","meta":{"site-sidebar-layout":"no-sidebar","site-content-layout":"page-builder","ast-site-content-layout":"full-width-container","site-content-style":"default","site-sidebar-style":"default","ast-global-header-display":"","ast-banner-title-visibility":"","ast-main-header-display":"","ast-hfb-above-header-display":"","ast-hfb-below-header-display":"","ast-hfb-mobile-header-display":"","site-post-title":"disabled","ast-breadcrumbs-content":"","ast-featured-img":"disabled","footer-sml-layout":"","theme-transparent-header-meta":"","adv-header-id-meta":"","stick-header-meta":"","header-above-stick-meta":"","header-main-stick-meta":"","header-below-stick-meta":"","astra-migrate-meta-layouts":"set","ast-page-background-enabled":"default","ast-page-background-meta":{"desktop":{"background-color":"var(--ast-global-color-4)","background-image":"","background-repeat":"repeat","background-position":"center center","background-size":"auto","background-attachment":"scroll","background-type":"","background-media":"","overlay-type":"","overlay-color":"","overlay-opacity":"","overlay-gradient":""},"tablet":{"background-color":"","background-image":"","background-repeat":"repeat","background-position":"center center","background-size":"auto","background-attachment":"scroll","background-type":"","background-media":"","overlay-type":"","overlay-color":"","overlay-opacity":"","overlay-gradient":""},"mobile":{"background-color":"","background-image":"","background-repeat":"repeat","background-position":"center center","background-size":"auto","background-attachment":"scroll","background-type":"","background-media":"","overlay-type":"","overlay-color":"","overlay-opacity":"","overlay-gradient":""}},"ast-content-background-meta":{"desktop":{"background-color":"var(--ast-global-color-5)","background-image":"","background-repeat":"repeat","background-position":"center center","background-size":"auto","background-attachment":"scroll","background-type":"","background-media":"","overlay-type":"","overlay-color":"","overlay-opacity":"","overlay-gradient":""},"tablet":{"background-color":"var(--ast-global-color-5)","background-image":"","background-repeat":"repeat","background-position":"center center","background-size":"auto","background-attachment":"scroll","background-type":"","background-media":"","overlay-type":"","overlay-color":"","overlay-opacity":"","overlay-gradient":""},"mobile":{"background-color":"var(--ast-global-color-5)","background-image":"","background-repeat":"repeat","background-position":"center center","background-size":"auto","background-attachment":"scroll","background-type":"","background-media":"","overlay-type":"","overlay-color":"","overlay-opacity":"","overlay-gradient":""}},"footnotes":""},"class_list":["post-8857","page","type-page","status-publish","hentry"],"_links":{"self":[{"href":"https:\/\/2getthereconnections.com\/en\/wp-json\/wp\/v2\/pages\/8857","targetHints":{"allow":["GET"]}}],"collection":[{"href":"https:\/\/2getthereconnections.com\/en\/wp-json\/wp\/v2\/pages"}],"about":[{"href":"https:\/\/2getthereconnections.com\/en\/wp-json\/wp\/v2\/types\/page"}],"author":[{"embeddable":true,"href":"https:\/\/2getthereconnections.com\/en\/wp-json\/wp\/v2\/users\/22229"}],"replies":[{"embeddable":true,"href":"https:\/\/2getthereconnections.com\/en\/wp-json\/wp\/v2\/comments?post=8857"}],"version-history":[{"count":0,"href":"https:\/\/2getthereconnections.com\/en\/wp-json\/wp\/v2\/pages\/8857\/revisions"}],"wp:attachment":[{"href":"https:\/\/2getthereconnections.com\/en\/wp-json\/wp\/v2\/media?parent=8857"}],"curies":[{"name":"wp","href":"https:\/\/api.w.org\/{rel}","templated":true}]}}